{"id":1036,"date":"2018-05-25T04:39:02","date_gmt":"2018-05-25T04:39:02","guid":{"rendered":"http:\/\/multipurpose.loc\/hotel\/?page_id=7"},"modified":"2023-04-18T22:26:48","modified_gmt":"2023-04-18T22:26:48","slug":"inicio","status":"publish","type":"page","link":"https:\/\/casadesaojoao.com\/pt-pt\/","title":{"rendered":"Inicio"},"content":{"rendered":"<p>[vc_row full_width=&#8221;stretch_row&#8221; shadow_x_offset=&#8221;0&#8243; shadow_y_offset=&#8221;0&#8243; shadow_blur=&#8221;0&#8243; shadow_spread=&#8221;0&#8243; shadow_color=&#8221;&#8221; el_class=&#8221;overlap&#8221; css=&#8221;.vc_custom_1542870643138{margin-top: -160px !important;}&#8221;][vc_column shadow_x_offset=&#8221;0&#8243; shadow_y_offset=&#8221;0&#8243; shadow_blur=&#8221;0&#8243; shadow_spread=&#8221;0&#8243; shadow_color=&#8221;&#8221; offset=&#8221;vc_col-lg-offset-1 vc_col-lg-10 vc_col-md-offset-1 vc_col-md-10 vc_col-xs-12&#8243;]\n\t\t\t<!-- START Home REVOLUTION SLIDER 6.3.6 --><p class=\"rs-p-wp-fix\"><\/p>\n\t\t\t<rs-module-wrap id=\"rev_slider_1_1_wrapper\" data-source=\"gallery\" style=\"background:transparent;padding:0;\">\n\t\t\t\t<rs-module id=\"rev_slider_1_1\" style=\"\" data-version=\"6.3.6\">\n\t\t\t\t\t<rs-slides>\n\t\t\t\t\t\t<rs-slide data-key=\"rs-1\" data-title=\"Slide\" data-anim=\"ei:d;eo:d;s:1000;r:0;t:fade;sl:1;\">\n\t\t\t\t\t\t\t<img src=\"\/\/casadesaojoao.com\/wp-content\/plugins\/revslider\/public\/assets\/assets\/dummy.png\" title=\"bg_head\" width=\"1922\" height=\"1235\" data-lazyload=\"\/\/casadesaojoao.com\/wp-content\/uploads\/2020\/02\/bg_head.jpg\" data-panzoom=\"d:10000ms;e:power0.inOut;ss:100;se:104%;\" class=\"rev-slidebg\" data-no-retina>\n<!--\n\t\t\t\t\t\t\t--><rs-layer\n\t\t\t\t\t\t\t\tid=\"slider-1-slide-1-layer-2\" \n\t\t\t\t\t\t\t\tdata-type=\"shape\"\n\t\t\t\t\t\t\t\tdata-rsp_ch=\"on\"\n\t\t\t\t\t\t\t\tdata-xy=\"xo:-463px,-246px,-186px,-114px;yo:-177px,-94px,-71px,-43px;\"\n\t\t\t\t\t\t\t\tdata-text=\"w:normal;s:20,10,7,4;l:0,13,9,6;\"\n\t\t\t\t\t\t\t\tdata-dim=\"w:100%;h:100%;\"\n\t\t\t\t\t\t\t\tdata-btrans=\"o:0;\"\n\t\t\t\t\t\t\t\tdata-corners=\"rs-fcr;rs-bcr;\"\n\t\t\t\t\t\t\t\tdata-frame_999=\"o:0;st:w;\"\n\t\t\t\t\t\t\t\tstyle=\"z-index:8;background-color:rgba(41,33,25,0.3);\"\n\t\t\t\t\t\t\t> \n\t\t\t\t\t\t\t<\/rs-layer><!--\n-->\t\t\t\t\t\t<\/rs-slide>\n\t\t\t\t\t<\/rs-slides>\n\t\t\t\t<\/rs-module>\n\t\t\t\t<script type=\"text\/javascript\">\n\t\t\t\t\tsetREVStartSize({c: 'rev_slider_1_1',rl:[1240,1024,778,480],el:[868,768,960,720],gw:[1920,1024,778,480],gh:[868,768,960,720],type:'standard',justify:'',layout:'fullscreen',offsetContainer:'',offset:'',mh:\"600px\"});\n\t\t\t\t\tvar\trevapi1,\n\t\t\t\t\t\ttpj;\n\t\t\t\t\tfunction revinit_revslider11() {\n\t\t\t\t\tjQuery(function() {\n\t\t\t\t\t\ttpj = jQuery;\n\t\t\t\t\t\trevapi1 = tpj(\"#rev_slider_1_1\");\n\t\t\t\t\t\tif(revapi1==undefined || revapi1.revolution == undefined){\n\t\t\t\t\t\t\trevslider_showDoubleJqueryError(\"rev_slider_1_1\");\n\t\t\t\t\t\t}else{\n\t\t\t\t\t\t\trevapi1.revolution({\n\t\t\t\t\t\t\t\tsliderLayout:\"fullscreen\",\n\t\t\t\t\t\t\t\tvisibilityLevels:\"1240,1024,778,480\",\n\t\t\t\t\t\t\t\tgridwidth:\"1920,1024,778,480\",\n\t\t\t\t\t\t\t\tgridheight:\"868,768,960,720\",\n\t\t\t\t\t\t\t\tminHeight:\"600px\",\n\t\t\t\t\t\t\t\tlazyType:\"all\",\n\t\t\t\t\t\t\t\tspinner:\"spinner3\",\n\t\t\t\t\t\t\t\tperspective:600,\n\t\t\t\t\t\t\t\tperspectiveType:\"local\",\n\t\t\t\t\t\t\t\tkeepBPHeight:true,\n\t\t\t\t\t\t\t\teditorheight:\"868,768,960,720\",\n\t\t\t\t\t\t\t\tresponsiveLevels:\"1240,1024,778,480\",\n\t\t\t\t\t\t\t\tstopAtSlide:1,\n\t\t\t\t\t\t\t\tstopAfterLoops:0,\n\t\t\t\t\t\t\t\tstopLoop:true,\n\t\t\t\t\t\t\t\tprogressBar:{disableProgressBar:true},\n\t\t\t\t\t\t\t\tnavigation: {\n\t\t\t\t\t\t\t\t\tonHoverStop:false\n\t\t\t\t\t\t\t\t},\n\t\t\t\t\t\t\t});\n\t\t\t\t\t\t}\n\t\t\t\t\t\t\n\t\t\t\t\t});\n\t\t\t\t\t} \/\/ End of RevInitScript\n\t\t\t\tvar once_revslider11 = false;\n\t\t\t\tif (document.readyState === \"loading\") {document.addEventListener('readystatechange',function() { if((document.readyState === \"interactive\" || document.readyState === \"complete\") && !once_revslider11 ) { once_revslider11 = true; revinit_revslider11();}});} else {once_revslider11 = true; revinit_revslider11();}\n\t\t\t\t<\/script>\n\t\t\t\t<script>\n\t\t\t\t\tvar htmlDivCss = '\t#rev_slider_1_1_wrapper rs-loader.spinner3 div { background-color: #ffffff !important; } ';\n\t\t\t\t\tvar htmlDiv = document.getElementById('rs-plugin-settings-inline-css');\n\t\t\t\t\tif(htmlDiv) {\n\t\t\t\t\t\thtmlDiv.innerHTML = htmlDiv.innerHTML + htmlDivCss;\n\t\t\t\t\t}else{\n\t\t\t\t\t\tvar htmlDiv = document.createElement('div');\n\t\t\t\t\t\thtmlDiv.innerHTML = '<style>' + htmlDivCss + '<\/style>';\n\t\t\t\t\t\tdocument.getElementsByTagName('head')[0].appendChild(htmlDiv.childNodes[0]);\n\t\t\t\t\t}\n\t\t\t\t<\/script>\n\t\t\t<\/rs-module-wrap>\n\t\t\t<!-- END REVOLUTION SLIDER -->\n[\/vc_column][\/vc_row][vc_row full_width=&#8221;stretch_row&#8221; shadow_x_offset=&#8221;0&#8243; shadow_y_offset=&#8221;0&#8243; shadow_blur=&#8221;0&#8243; shadow_spread=&#8221;0&#8243; shadow_color=&#8221;&#8221; el_class=&#8221;overlap&#8221;][vc_column css_animation=&#8221;none&#8221; shadow_x_offset=&#8221;0&#8243; shadow_y_offset=&#8221;0&#8243; shadow_blur=&#8221;0&#8243; shadow_spread=&#8221;0&#8243; shadow_color=&#8221;rgba(153,153,153,0.15)&#8221; offset=&#8221;vc_col-lg-offset-0 vc_col-lg-12 vc_col-md-offset-0 vc_col-md-12 vc_col-xs-12&#8243; css=&#8221;.vc_custom_1542870952541{margin-top: -180px !important;padding-right: 0px !important;padding-left: 0px !important;}&#8221;][stm_spacer height_tablet=&#8221;170&#8243; height_mobile=&#8221;180&#8243;][stm_wp_hotelier_form title=&#8221;&#8221; guests=&#8221;10&#8243; children=&#8221;5&#8243; style=&#8221;style_5&#8243; css=&#8221;.vc_custom_1621006577770{background-color: #ffffff !important;}&#8221;][\/vc_column][\/vc_row][vc_row shadow_x_offset=&#8221;0&#8243; shadow_y_offset=&#8221;0&#8243; shadow_blur=&#8221;0&#8243; shadow_spread=&#8221;0&#8243; shadow_color=&#8221;&#8221; css=&#8221;.vc_custom_1542779757919{margin-top: 100px !important;margin-bottom: 60px !important;}&#8221;][vc_column shadow_x_offset=&#8221;0&#8243; shadow_y_offset=&#8221;0&#8243; shadow_blur=&#8221;0&#8243; shadow_spread=&#8221;0&#8243; shadow_color=&#8221;&#8221; offset=&#8221;vc_col-lg-4 vc_col-md-12&#8243;][vc_custom_heading text=&#8221;XVIII&#8221; font_container=&#8221;tag:h6|font_size:100|text_align:left|color:%23e8e8e8&#8243; google_fonts=&#8221;font_family:Alice%3Aregular|font_style:400%20regular%3A400%3Anormal&#8221;][vc_custom_heading text=&#8221;Hist\u00f3ria&#8221; font_container=&#8221;tag:h3|font_size:54|text_align:left&#8221; google_fonts=&#8221;font_family:Roboto%3A100%2C100italic%2C300%2C300italic%2Cregular%2Citalic%2C500%2C500italic%2C700%2C700italic%2C900%2C900italic|font_style:700%20bold%20regular%3A700%3Anormal&#8221; css=&#8221;.vc_custom_1582841982812{margin-top: -20px !important;padding-top: 5px !important;}&#8221;][vc_custom_heading text=&#8221;Casa de S\u00e3o Jo\u00e3o&#8221; font_container=&#8221;tag:h3|font_size:28|text_align:left&#8221; google_fonts=&#8221;font_family:Roboto%3A100%2C100italic%2C300%2C300italic%2Cregular%2Citalic%2C500%2C500italic%2C700%2C700italic%2C900%2C900italic|font_style:700%20bold%20regular%3A700%3Anormal&#8221; css=&#8221;.vc_custom_1582842068686{margin-top: -20px !important;padding-top: 5px !important;}&#8221;][\/vc_column][vc_column shadow_x_offset=&#8221;0&#8243; shadow_y_offset=&#8221;0&#8243; shadow_blur=&#8221;0&#8243; shadow_spread=&#8221;0&#8243; shadow_color=&#8221;&#8221; offset=&#8221;vc_col-lg-4 vc_col-md-6&#8243;][vc_column_text]A Casa de S. Jo\u00e3o (127022\/AL) ou do Reym\u00e3o \u00e9 um solar que remonta ao s\u00e9culo XVIII.<br \/>\n\u00c9 uma das mais nobres quintas da freguesia de Santa Marta de Portuzelo.<br \/>\nEncontra-se a 3 km da hist\u00f3rica cidade de Viana do Castelo e perto da foz do rio Lima.<br \/>\nA constru\u00e7\u00e3o t\u00edpica da zona, criam uma agrad\u00e1vel temperatura durante todo o ano.[\/vc_column_text][\/vc_column][vc_column shadow_x_offset=&#8221;0&#8243; shadow_y_offset=&#8221;0&#8243; shadow_blur=&#8221;0&#8243; shadow_spread=&#8221;0&#8243; shadow_color=&#8221;&#8221; offset=&#8221;vc_col-lg-4 vc_col-md-6&#8243;][vc_column_text]Mobilada num estilo tradicional Portugu\u00eas, possui v\u00e1rias salas que mant\u00eam a eleg\u00e2ncia dos seus mais de 250 anos de hist\u00f3ria, oferecendo em simult\u00e2neo as comodidades dos tempos de hoje.<br \/>\nRodeada pelas vinhas, \u00e1rvores de fruto e terras de pasto, apresenta-se ideal para passeios longos e relaxantes.<br \/>\nA piscina, situada em frente \u00e0 casa, est\u00e1 rodeada por um amplo relvado.[\/vc_column_text][\/vc_column][\/vc_row][vc_row full_width=&#8221;stretch_row_content_no_spaces&#8221; shadow_x_offset=&#8221;0&#8243; shadow_y_offset=&#8221;0&#8243; shadow_blur=&#8221;0&#8243; shadow_spread=&#8221;0&#8243; shadow_color=&#8221;&#8221; css=&#8221;.vc_custom_1539247964793{margin-right: 15px !important;margin-left: 12px !important;}&#8221;][vc_column width=&#8221;1\/2&#8243; shadow_x_offset=&#8221;0&#8243; shadow_y_offset=&#8221;0&#8243; shadow_blur=&#8221;0&#8243; shadow_spread=&#8221;0&#8243; shadow_color=&#8221;&#8221; offset=&#8221;vc_col-lg-3 vc_col-md-6 vc_col-xs-12&#8243;][stm_info_box icon=&#8221;stmicon-bed2&#8243; icon_size=&#8221;79&#8243; style=&#8221;style_2&#8243; title=&#8221;Quartos&#8221; image=&#8221;1664&#8243;]Pode viver uma experi\u00eancia no passado com quartos baseados no s\u00e9c.XVIII e com toda a qualidade da atualidade.[\/stm_info_box][\/vc_column][vc_column width=&#8221;1\/2&#8243; shadow_x_offset=&#8221;0&#8243; shadow_y_offset=&#8221;0&#8243; shadow_blur=&#8221;0&#8243; shadow_spread=&#8221;0&#8243; shadow_color=&#8221;&#8221; offset=&#8221;vc_col-lg-3 vc_col-md-6 vc_col-xs-12&#8243;][stm_info_box icon_size=&#8221;84&#8243; style=&#8221;style_2&#8243; title=&#8221;Natureza&#8221; image=&#8221;1661&#8243;]Com os vastos espa\u00e7os verdes, poder\u00e1 desfrutar de uma verdadeira experi\u00eancia de uma casa de campo.[\/stm_info_box][\/vc_column][vc_column width=&#8221;1\/2&#8243; shadow_x_offset=&#8221;0&#8243; shadow_y_offset=&#8221;0&#8243; shadow_blur=&#8221;0&#8243; shadow_spread=&#8221;0&#8243; shadow_color=&#8221;&#8221; offset=&#8221;vc_col-lg-3 vc_col-md-6 vc_col-xs-12&#8243;][stm_info_box icon=&#8221;stmicon-hotel-drinks&#8221; icon_size=&#8221;80&#8243; style=&#8221;style_2&#8243; title=&#8221;Eventos&#8221; image=&#8221;1666&#8243;]Dispomos de um grande espa\u00e7o exterior com possibilidade de reserv\u00e1-lo para realiza\u00e7\u00e3o de eventos a seu gosto.[\/stm_info_box][\/vc_column][vc_column width=&#8221;1\/2&#8243; shadow_x_offset=&#8221;0&#8243; shadow_y_offset=&#8221;0&#8243; shadow_blur=&#8221;0&#8243; shadow_spread=&#8221;0&#8243; shadow_color=&#8221;&#8221; offset=&#8221;vc_col-lg-3 vc_col-md-6 vc_col-xs-12&#8243;][stm_info_box icon=&#8221;stmicon-hotel-pool&#8221; icon_size=&#8221;80&#8243; style=&#8221;style_2&#8243; title=&#8221;Piscina&#8221; image=&#8221;1663&#8243;]Piscina exclusiva com 5&#215;10 metros de \u00e1rea e 1,6m de profundidade m\u00e1xima. Tratamento \u00e0 base de sal (sem cloro).[\/stm_info_box][\/vc_column][\/vc_row][vc_row full_width=&#8221;stretch_row&#8221; shadow_x_offset=&#8221;0&#8243; shadow_y_offset=&#8221;0&#8243; shadow_blur=&#8221;0&#8243; shadow_spread=&#8221;0&#8243; shadow_color=&#8221;&#8221; css=&#8221;.vc_custom_1542189027519{margin-top: -30px !important;padding-top: 80px !important;padding-bottom: 45px !important;background-color: #f5f5f5 !important;}&#8221;][vc_column css_animation=&#8221;none&#8221; shadow_x_offset=&#8221;0&#8243; shadow_y_offset=&#8221;0&#8243; shadow_blur=&#8221;0&#8243; shadow_spread=&#8221;0&#8243; offset=&#8221;vc_col-lg-4 vc_col-md-4&#8243;][stm_icon_box icon=&#8221;stmicon-wifi-1&#8243; icon_class=&#8221;ttc&#8221; icon_size=&#8221;56&#8243; icon_height=&#8221;80&#8243; icon_width=&#8221;85&#8243; min_height=&#8221;220&#8243; flip=&#8221;&#8221; flip_title_color=&#8221;&#8221; flip_content_color=&#8221;&#8221; title=&#8221;Wi-Fi Gr\u00e1tis&#8221; title_fsz=&#8221;24&#8243; flip_title=&#8221;&#8221; flip_content=&#8221;&#8221; css=&#8221;.vc_custom_1681855562162{padding-right: 15px !important;}&#8221;]Wi-fi em todas as divis\u00f5es da casa.[\/stm_icon_box][stm_spacer height=&#8221;0&#8243; height_tablet=&#8221;20&#8243; height_mobile=&#8221;35&#8243;][\/vc_column][vc_column css_animation=&#8221;none&#8221; shadow_x_offset=&#8221;0&#8243; shadow_y_offset=&#8221;0&#8243; shadow_blur=&#8221;0&#8243; shadow_spread=&#8221;0&#8243; offset=&#8221;vc_col-lg-4 vc_col-md-4&#8243;][stm_icon_box icon=&#8221;stmicon-laundry-service&#8221; icon_class=&#8221;ttc&#8221; icon_size=&#8221;54&#8243; icon_height=&#8221;80&#8243; icon_width=&#8221;85&#8243; min_height=&#8221;220&#8243; flip=&#8221;&#8221; flip_title_color=&#8221;&#8221; flip_content_color=&#8221;&#8221; title=&#8221;Lavandaria&#8221; title_fsz=&#8221;24&#8243; flip_title=&#8221;&#8221; flip_content=&#8221;&#8221; css=&#8221;.vc_custom_1681855613595{padding-right: 15px !important;}&#8221;]M\u00e1quina de lavar e secar a roupa, t\u00e1bua e ferro de engomar.[\/stm_icon_box][stm_spacer height=&#8221;0&#8243; height_tablet=&#8221;20&#8243; height_mobile=&#8221;35&#8243;][\/vc_column][vc_column css_animation=&#8221;none&#8221; shadow_x_offset=&#8221;0&#8243; shadow_y_offset=&#8221;0&#8243; shadow_blur=&#8221;0&#8243; shadow_spread=&#8221;0&#8243; shadow_color=&#8221;&#8221; offset=&#8221;vc_col-lg-4 vc_col-md-4&#8243;][stm_icon_box icon=&#8221;stmicon-kitchen&#8221; icon_class=&#8221;ttc&#8221; icon_size=&#8221;44&#8243; icon_height=&#8221;80&#8243; icon_width=&#8221;85&#8243; min_height=&#8221;220&#8243; flip=&#8221;&#8221; flip_title_color=&#8221;&#8221; flip_content_color=&#8221;&#8221; title=&#8221;Cozinha&#8221; title_fsz=&#8221;24&#8243; flip_title=&#8221;&#8221; flip_content=&#8221;&#8221; css=&#8221;.vc_custom_1681856804927{padding-right: 15px !important;}&#8221;]Cozinha totalmente equipada, com forno e fog\u00e3o a g\u00e1s. M\u00e1quina de lavar a loi\u00e7a, frigor\u00edfico, congelador, micro-ondas e os variados utens\u00edlios de cozinha.[\/stm_icon_box][\/vc_column][\/vc_row][vc_row full_width=&#8221;stretch_row_content&#8221; shadow_x_offset=&#8221;0&#8243; shadow_y_offset=&#8221;0&#8243; shadow_blur=&#8221;0&#8243; shadow_spread=&#8221;0&#8243; shadow_color=&#8221;&#8221; css=&#8221;.vc_custom_1542189658881{margin-top: 70px !important;margin-bottom: 70px !important;padding-top: 65px !important;}&#8221;][vc_column css_animation=&#8221;none&#8221; shadow_x_offset=&#8221;0&#8243; shadow_y_offset=&#8221;0&#8243; shadow_blur=&#8221;0&#8243; shadow_spread=&#8221;0&#8243; shadow_color=&#8221;&#8221; offset=&#8221;vc_col-lg-offset-1 vc_col-lg-10 vc_col-md-offset-1 vc_col-md-10 vc_col-xs-12&#8243;][vc_custom_heading text=&#8221;BEM-ESTAR&#8221; font_container=&#8221;tag:h6|font_size:48|text_align:center|color:%23e8e8e8&#8243; google_fonts=&#8221;font_family:Alice%3Aregular|font_style:400%20regular%3A400%3Anormal&#8221;][vc_custom_heading text=&#8221;Comodidades&#8221; font_container=&#8221;tag:h3|font_size:48|text_align:center&#8221; google_fonts=&#8221;font_family:Roboto%3A100%2C100italic%2C300%2C300italic%2Cregular%2Citalic%2C500%2C500italic%2C700%2C700italic%2C900%2C900italic|font_style:700%20bold%20regular%3A700%3Anormal&#8221; css=&#8221;.vc_custom_1583185609178{margin-top: -20px !important;padding-top: 5px !important;}&#8221;][vc_empty_space height=&#8221;50px&#8221;][stm_wp_hotelier_selective_rooms_carousel title=&#8221;Quartos&#8221; per_row=&#8221;3&#8243;][\/vc_column][\/vc_row][vc_row shadow_x_offset=&#8221;0&#8243; shadow_y_offset=&#8221;0&#8243; shadow_blur=&#8221;0&#8243; shadow_spread=&#8221;0&#8243; shadow_color=&#8221;&#8221; css=&#8221;.vc_custom_1542779767933{margin-top: 100px !important;margin-bottom: 40px !important;}&#8221;][vc_column][vc_custom_heading text=&#8221;Cultura da Regi\u00e3o&#8221; font_container=&#8221;tag:h3|font_size:48|text_align:center&#8221; google_fonts=&#8221;font_family:Roboto%3A100%2C100italic%2C300%2C300italic%2Cregular%2Citalic%2C500%2C500italic%2C700%2C700italic%2C900%2C900italic|font_style:700%20bold%20regular%3A700%3Anormal&#8221; css=&#8221;.vc_custom_1583449646590{margin-top: -20px !important;padding-top: 5px !important;}&#8221;][vc_empty_space height=&#8221;50px&#8221;][vc_row_inner][vc_column_inner width=&#8221;1\/4&#8243;][vc_single_image image=&#8221;1902&#8243; img_size=&#8221;medium&#8221;][stm_spacer height=&#8221;10&#8243; height_tablet=&#8221;20&#8243; height_mobile=&#8221;35&#8243;][vc_custom_heading text=&#8221;Natureza&#8221; font_container=&#8221;tag:h3|font_size:18|text_align:left|line_height:0.12&#8243; google_fonts=&#8221;font_family:Roboto%3A100%2C100italic%2C300%2C300italic%2Cregular%2Citalic%2C500%2C500italic%2C700%2C700italic%2C900%2C900italic|font_style:700%20bold%20regular%3A700%3Anormal&#8221; css=&#8221;.vc_custom_1583703661849{margin-top: -20px !important;padding-top: 5px !important;}&#8221;][vc_column_text]A costa atl\u00e2ntica minhota tem excelentes praias. As praias de Afife, Carre\u00e7o e Cabedelo ficam a cerca de 15 minutos de carro.<br \/>\nParque Nacional da Peneda-Ger\u00eas com 72 000 hectares que englobam territ\u00f3rios dos concelhos de Arcos de Valdevez a Terras do Bouro.[\/vc_column_text][\/vc_column_inner][vc_column_inner width=&#8221;1\/4&#8243;][vc_single_image image=&#8221;1906&#8243; img_size=&#8221;medium&#8221;][stm_spacer height=&#8221;10&#8243; height_tablet=&#8221;20&#8243; height_mobile=&#8221;35&#8243;][vc_custom_heading text=&#8221;Desporto&#8221; font_container=&#8221;tag:h3|font_size:18|text_align:left|line_height:0.12&#8243; google_fonts=&#8221;font_family:Roboto%3A100%2C100italic%2C300%2C300italic%2Cregular%2Citalic%2C500%2C500italic%2C700%2C700italic%2C900%2C900italic|font_style:700%20bold%20regular%3A700%3Anormal&#8221; css=&#8221;.vc_custom_1583703668607{margin-top: -20px !important;padding-top: 5px !important;}&#8221;][vc_column_text]O Golfe de Ponte de Lima (20 km) \u00e9 um verdadeiro para\u00edso para os golfistas.<br \/>\nA Marina de Viana do Castelo, apresenta um Clube de Vela, onde se pratica Vela e Windsurf.<br \/>\nPode praticar canoagem nas lagoas naturais da Serra d`Arga. Existem v\u00e1rias organiza\u00e7\u00f5es para dar apoio a profissionais ou amadores.[\/vc_column_text][\/vc_column_inner][vc_column_inner width=&#8221;1\/4&#8243;][vc_single_image image=&#8221;2102&#8243; img_size=&#8221;medium&#8221;][stm_spacer height=&#8221;10&#8243; height_tablet=&#8221;20&#8243; height_mobile=&#8221;35&#8243;][vc_custom_heading text=&#8221;Gastronomia&#8221; font_container=&#8221;tag:h3|font_size:18|text_align:left|line_height:0.12&#8243; google_fonts=&#8221;font_family:Roboto%3A100%2C100italic%2C300%2C300italic%2Cregular%2Citalic%2C500%2C500italic%2C700%2C700italic%2C900%2C900italic|font_style:700%20bold%20regular%3A700%3Anormal&#8221; css=&#8221;.vc_custom_1583703675520{margin-top: -20px !important;padding-top: 5px !important;}&#8221;][vc_column_text]Sugest\u00e3o:<br \/>\n-Um dos mais famosos restaurantes da regi\u00e3o, o Camelo \u2013 especialistas em cozinha tradicional portuguesa \u2013 fica a menos de 100 metros.<br \/>\n-Uma excelente padaria para tomar o pequeno almo\u00e7o, na mesma rua a menos a 25 metros.[\/vc_column_text][\/vc_column_inner][vc_column_inner width=&#8221;1\/4&#8243;][vc_single_image image=&#8221;1910&#8243; img_size=&#8221;medium&#8221;][stm_spacer height=&#8221;10&#8243; height_tablet=&#8221;20&#8243; height_mobile=&#8221;35&#8243;][vc_custom_heading text=&#8221;Festas&#8221; font_container=&#8221;tag:h3|font_size:18|text_align:left|line_height:0.12&#8243; google_fonts=&#8221;font_family:Roboto%3A100%2C100italic%2C300%2C300italic%2Cregular%2Citalic%2C500%2C500italic%2C700%2C700italic%2C900%2C900italic|font_style:700%20bold%20regular%3A700%3Anormal&#8221; css=&#8221;.vc_custom_1583703682597{margin-top: -20px !important;padding-top: 5px !important;}&#8221;][vc_column_text]Festas tradicionais com direito a gastronomia espec\u00edfica, fogo de artif\u00edcio, m\u00fasica e rancho folcl\u00f3rico.<\/p>\n<p>Alguns exemplos de festas Minhotas:<\/p>\n<p>&#8211; Festa da Senhora D\u2019Agonia, em Viana do Castelo;<br \/>\n&#8211; Festas das Feiras Novas, em Ponte de Lima;<br \/>\n&#8211; Festa da Senhora da Franqueira, em Barcelos;<br \/>\n&#8211; Festa do Alvarinho e do Fumeiro de Melga\u00e7o, em Melga\u00e7o;<br \/>\n&#8211; Festas Concelhias em honra de Santa Rita de C\u00e1ssia, em Caminha.[\/vc_column_text][\/vc_column_inner][\/vc_row_inner][\/vc_column][\/vc_row][vc_row full_width=&#8221;stretch_row_content&#8221; shadow_x_offset=&#8221;0&#8243; shadow_y_offset=&#8221;0&#8243; shadow_blur=&#8221;0&#8243; shadow_spread=&#8221;0&#8243; shadow_color=&#8221;&#8221; css=&#8221;.vc_custom_1542189658881{margin-top: 70px !important;margin-bottom: 70px !important;padding-top: 65px !important;}&#8221;][vc_column css_animation=&#8221;none&#8221; shadow_x_offset=&#8221;0&#8243; shadow_y_offset=&#8221;0&#8243; shadow_blur=&#8221;0&#8243; shadow_spread=&#8221;0&#8243; shadow_color=&#8221;&#8221; offset=&#8221;vc_col-lg-offset-1 vc_col-lg-10 vc_col-md-offset-1 vc_col-md-10 vc_col-xs-12&#8243;][vc_custom_heading text=&#8221;Localiza\u00e7\u00e3o&#8221; font_container=&#8221;tag:h3|font_size:48|text_align:center&#8221; google_fonts=&#8221;font_family:Roboto%3A100%2C100italic%2C300%2C300italic%2Cregular%2Citalic%2C500%2C500italic%2C700%2C700italic%2C900%2C900italic|font_style:700%20bold%20regular%3A700%3Anormal&#8221; css=&#8221;.vc_custom_1681855815969{margin-top: -20px !important;padding-top: 5px !important;}&#8221;][vc_column_text]<\/p>\n<div style=\"text-align: center; margin-top: 40px; font-size: 16px;\">Existem todo o tipo de infra-estruturas numa dist\u00e2ncia relativamente curta da casa:<br \/>\nsupermercados, centro de sa\u00fade, farm\u00e1cia, restaurantes, caf\u00e9s , confeitarias, etc.<\/div>\n<p>[\/vc_column_text][\/vc_column][\/vc_row][vc_row full_width=&#8221;stretch_row_content_no_spaces&#8221; shadow_x_offset=&#8221;0&#8243; shadow_y_offset=&#8221;0&#8243; shadow_blur=&#8221;0&#8243; shadow_spread=&#8221;0&#8243; shadow_color=&#8221;&#8221; css=&#8221;.vc_custom_1542197278410{margin-top: 70px !important;margin-bottom: 70px !important;}&#8221;][vc_column][vc_gmaps link=&#8221;#E-8_JTNDaWZyYW1lJTIwc3JjJTNEJTIyaHR0cHMlM0ElMkYlMkZ3d3cuZ29vZ2xlLmNvbSUyRm1hcHMlMkZlbWJlZCUzRnBiJTNEJTIxMW0xOCUyMTFtMTIlMjExbTMlMjExZDI5NzguNDg1NzYzNjA1MzI4NCUyMTJkLTguNzcyNzYyNzg1MjE0MDYxJTIxM2Q0MS43MTAwMzU2NzkyMzU4OSUyMTJtMyUyMTFmMCUyMTJmMCUyMTNmMCUyMTNtMiUyMTFpMTAyNCUyMTJpNzY4JTIxNGYxMy4xJTIxM20zJTIxMW0yJTIxMXMweGQyNWI3MTg5OGJmOTRlNyUyNTNBMHhlMDgyMDM1NDQ5MjI4NmViJTIxMnNSLiUyNTIwZGFzJTI1MjBQZXRpZ3VlaXJhcyUyNTIwMSUyNTJDJTI1MjBTYW50YSUyNTIwTWFydGElMjUyMGRlJTI1MjBQb3J0dXplbG8lMjE1ZTAlMjEzbTIlMjExc3B0LVBUJTIxMnNwdCUyMTR2MTU4MzQ0ODQxODI0MiUyMTVtMiUyMTFzcHQtUFQlMjEyc3B0JTIyJTIwd2lkdGglM0QlMjI2MDAlMjIlMjBoZWlnaHQlM0QlMjI0NTAlMjIlMjBmcmFtZWJvcmRlciUzRCUyMjAlMjIlMjBzdHlsZSUzRCUyMmJvcmRlciUzQTAlM0IlMjIlMjBhbGxvd2Z1bGxzY3JlZW4lM0QlMjIlMjIlM0UlM0MlMkZpZnJhbWUlM0U=&#8221;][\/vc_column][\/vc_row]<\/p>\n","protected":false},"excerpt":{"rendered":"<p>[vc_row full_width=&#8221;stretch_row&#8221; shadow_x_offset=&#8221;0&#8243; shadow_y_offset=&#8221;0&#8243; shadow_blur=&#8221;0&#8243; shadow_spread=&#8221;0&#8243; shadow_color=&#8221;&#8221; el_class=&#8221;overlap&#8221; css=&#8221;.vc_custom_1542870643138{margin-top: -160px !important;}&#8221;][vc_column shadow_x_offset=&#8221;0&#8243; shadow_y_offset=&#8221;0&#8243; shadow_blur=&#8221;0&#8243; shadow_spread=&#8221;0&#8243; shadow_color=&#8221;&#8221; offset=&#8221;vc_col-lg-offset-1 vc_col-lg-10 vc_col-md-offset-1 vc_col-md-10 vc_col-xs-12&#8243;][\/vc_column][\/vc_row][vc_row full_width=&#8221;stretch_row&#8221; shadow_x_offset=&#8221;0&#8243; shadow_y_offset=&#8221;0&#8243; shadow_blur=&#8221;0&#8243; shadow_spread=&#8221;0&#8243; shadow_color=&#8221;&#8221; el_class=&#8221;overlap&#8221;][vc_column css_animation=&#8221;none&#8221; shadow_x_offset=&#8221;0&#8243; shadow_y_offset=&#8221;0&#8243; shadow_blur=&#8221;0&#8243; shadow_spread=&#8221;0&#8243; shadow_color=&#8221;rgba(153,153,153,0.15)&#8221; offset=&#8221;vc_col-lg-offset-0 vc_col-lg-12 vc_col-md-offset-0 vc_col-md-12 vc_col-xs-12&#8243; css=&#8221;.vc_custom_1542870952541{margin-top: -180px !important;padding-right: 0px !important;padding-left: 0px !important;}&#8221;][stm_spacer height_tablet=&#8221;170&#8243; height_mobile=&#8221;180&#8243;][stm_wp_hotelier_form title=&#8221;&#8221; guests=&#8221;10&#8243; children=&#8221;5&#8243; style=&#8221;style_5&#8243; css=&#8221;.vc_custom_1621006577770{background-color: #ffffff !important;}&#8221;][\/vc_column][\/vc_row][vc_row [&hellip;]<\/p>\n","protected":false},"author":1,"featured_media":0,"parent":0,"menu_order":0,"comment_status":"closed","ping_status":"closed","template":"","meta":[],"_links":{"self":[{"href":"https:\/\/casadesaojoao.com\/pt-pt\/wp-json\/wp\/v2\/pages\/1036"}],"collection":[{"href":"https:\/\/casadesaojoao.com\/pt-pt\/wp-json\/wp\/v2\/pages"}],"about":[{"href":"https:\/\/casadesaojoao.com\/pt-pt\/wp-json\/wp\/v2\/types\/page"}],"author":[{"embeddable":true,"href":"https:\/\/casadesaojoao.com\/pt-pt\/wp-json\/wp\/v2\/users\/1"}],"replies":[{"embeddable":true,"href":"https:\/\/casadesaojoao.com\/pt-pt\/wp-json\/wp\/v2\/comments?post=1036"}],"version-history":[{"count":109,"href":"https:\/\/casadesaojoao.com\/pt-pt\/wp-json\/wp\/v2\/pages\/1036\/revisions"}],"predecessor-version":[{"id":2542,"href":"https:\/\/casadesaojoao.com\/pt-pt\/wp-json\/wp\/v2\/pages\/1036\/revisions\/2542"}],"wp:attachment":[{"href":"https:\/\/casadesaojoao.com\/pt-pt\/wp-json\/wp\/v2\/media?parent=1036"}],"curies":[{"name":"wp","href":"https:\/\/api.w.org\/{rel}","templated":true}]}}