{"id":168,"date":"2018-06-05T04:15:54","date_gmt":"2018-06-05T04:15:54","guid":{"rendered":"http:\/\/multipurpose.loc\/hotel\/?page_id=168"},"modified":"2024-07-02T19:09:51","modified_gmt":"2024-07-02T19:09:51","slug":"contact-us","status":"publish","type":"page","link":"https:\/\/casadesaojoao.com\/pt-pt\/contact-us\/","title":{"rendered":"Contactos"},"content":{"rendered":"<p>[vc_row shadow_x_offset=&#8221;0&#8243; shadow_y_offset=&#8221;0&#8243; shadow_blur=&#8221;0&#8243; shadow_spread=&#8221;0&#8243; shadow_color=&#8221;&#8221; css=&#8221;.vc_custom_1531906799465{padding-top: 20px !important;}&#8221;][vc_column shadow_x_offset=&#8221;0&#8243; shadow_y_offset=&#8221;0&#8243; shadow_blur=&#8221;0&#8243; shadow_spread=&#8221;0&#8243; offset=&#8221;vc_col-lg-8 vc_col-md-8&#8243;][vc_column_text]Se pretende saber mais informa\u00e7\u00f5es ou se est\u00e1 interessado por favor contacte-nos![\/vc_column_text]<div role=\"form\" class=\"wpcf7\" id=\"wpcf7-f2455-o1\" lang=\"en-US\" dir=\"ltr\">\n<div class=\"screen-reader-response\"><p role=\"status\" aria-live=\"polite\" aria-atomic=\"true\"><\/p> <ul><\/ul><\/div>\n<form action=\"\/pt-pt\/wp-json\/wp\/v2\/pages\/168#wpcf7-f2455-o1\" method=\"post\" class=\"wpcf7-form init\" novalidate=\"novalidate\" data-status=\"init\">\n<div style=\"display: none;\">\n<input type=\"hidden\" name=\"_wpcf7\" value=\"2455\" \/>\n<input type=\"hidden\" name=\"_wpcf7_version\" value=\"5.5.3\" \/>\n<input type=\"hidden\" name=\"_wpcf7_locale\" value=\"en_US\" \/>\n<input type=\"hidden\" name=\"_wpcf7_unit_tag\" value=\"wpcf7-f2455-o1\" \/>\n<input type=\"hidden\" name=\"_wpcf7_container_post\" value=\"0\" \/>\n<input type=\"hidden\" name=\"_wpcf7_posted_data_hash\" value=\"\" \/>\n<\/div>\n<p><label> Nome<br \/>\n    <span class=\"wpcf7-form-control-wrap your-name\"><input type=\"text\" name=\"your-name\" value=\"\" size=\"40\" class=\"wpcf7-form-control wpcf7-text wpcf7-validates-as-required\" aria-required=\"true\" aria-invalid=\"false\" \/><\/span> <\/label><\/p>\n<p><label> Email<br \/>\n    <span class=\"wpcf7-form-control-wrap your-email\"><input type=\"email\" name=\"your-email\" value=\"\" size=\"40\" class=\"wpcf7-form-control wpcf7-text wpcf7-email wpcf7-validates-as-required wpcf7-validates-as-email\" aria-required=\"true\" aria-invalid=\"false\" \/><\/span> <\/label><\/p>\n<p><label> Mensagem (optional)<br \/>\n    <span class=\"wpcf7-form-control-wrap your-message\"><textarea name=\"your-message\" cols=\"40\" rows=\"10\" class=\"wpcf7-form-control wpcf7-textarea\" aria-invalid=\"false\"><\/textarea><\/span> <\/label><\/p>\n<p><input type=\"submit\" value=\"Enviar Mensagem\" class=\"wpcf7-form-control has-spinner wpcf7-submit\" \/><\/p>\n<div class=\"wpcf7-response-output\" aria-hidden=\"true\"><\/div><\/form><\/div>[\/vc_column][vc_column shadow_x_offset=&#8221;0&#8243; shadow_y_offset=&#8221;0&#8243; shadow_blur=&#8221;0&#8243; shadow_spread=&#8221;0&#8243; offset=&#8221;vc_col-lg-4 vc_col-md-4&#8243;][vc_column_text]<strong>Casa de S\u00e3o Jo\u00e3o<\/strong><\/p>\n<p><strong>Morada:<\/strong>Rua das Petigueiras n\u00ba1,<br \/>\nSanta Marta de Portuzelo 4925-090<br \/>\nViana do Castelo<\/p>\n<p><strong>Telefone:\u00a0<\/strong>+351 913 024 243<br \/>\nChamada para rede m\u00f3vel nacional (custo da chamada conforme o seu tarif\u00e1rio)<\/p>\n<p><strong>Email:\u00a0<\/strong>info@casadesaojoao.com<\/p>\n<p>H\u00e1 ainda a possibilidade de alugar a casa por inteiro:<br \/>\n-m\u00ednimo 1 semana<br \/>\n-m\u00e1ximo 10 pessoas<br \/>\n-2.000\u20ac por semana[\/vc_column_text][\/vc_column][\/vc_row][vc_row full_width=&#8221;stretch_row_content_no_spaces&#8221; shadow_x_offset=&#8221;0&#8243; shadow_y_offset=&#8221;0&#8243; shadow_blur=&#8221;0&#8243; shadow_spread=&#8221;0&#8243; shadow_color=&#8221;&#8221; css=&#8221;.vc_custom_1528179675214{margin-bottom: -60px !important;}&#8221;][vc_column][stm_spacer height=&#8221;70&#8243; height_tablet=&#8221;50&#8243; height_mobile=&#8221;40&#8243;][\/vc_column][\/vc_row][vc_row][vc_column][vc_cta h2=&#8221;&#8221;]<img loading=\"lazy\" class=\"alignnone size-medium wp-image-2553\" src=\"https:\/\/casadesaojoao.com\/wp-content\/uploads\/2024\/07\/livro_reclamacoes-500x-207-b-300x124.png\" alt=\"\" width=\"300\" height=\"124\" srcset=\"https:\/\/casadesaojoao.com\/wp-content\/uploads\/2024\/07\/livro_reclamacoes-500x-207-b-300x124.png 300w, https:\/\/casadesaojoao.com\/wp-content\/uploads\/2024\/07\/livro_reclamacoes-500x-207-b.png 500w\" sizes=\"(max-width: 300px) 100vw, 300px\" \/><a href=\"https:\/\/www.livroreclamacoes.pt\/Inicio\/\">Clique aqui<\/a>[\/vc_cta][\/vc_column][\/vc_row]<\/p>\n","protected":false},"excerpt":{"rendered":"<p>[vc_row shadow_x_offset=&#8221;0&#8243; shadow_y_offset=&#8221;0&#8243; shadow_blur=&#8221;0&#8243; shadow_spread=&#8221;0&#8243; shadow_color=&#8221;&#8221; css=&#8221;.vc_custom_1531906799465{padding-top: 20px !important;}&#8221;][vc_column shadow_x_offset=&#8221;0&#8243; shadow_y_offset=&#8221;0&#8243; shadow_blur=&#8221;0&#8243; shadow_spread=&#8221;0&#8243; offset=&#8221;vc_col-lg-8 vc_col-md-8&#8243;][vc_column_text]Se pretende saber mais informa\u00e7\u00f5es ou se est\u00e1 interessado por favor contacte-nos![\/vc_column_text][\/vc_column][vc_column shadow_x_offset=&#8221;0&#8243; shadow_y_offset=&#8221;0&#8243; shadow_blur=&#8221;0&#8243; shadow_spread=&#8221;0&#8243; offset=&#8221;vc_col-lg-4 vc_col-md-4&#8243;][vc_column_text]Casa de S\u00e3o Jo\u00e3o Morada:Rua das Petigueiras n\u00ba1, Santa Marta de Portuzelo 4925-090 Viana do Castelo Telefone:\u00a0+351 913 024 243 Chamada para rede m\u00f3vel [&hellip;]<\/p>\n","protected":false},"author":1,"featured_media":0,"parent":0,"menu_order":0,"comment_status":"closed","ping_status":"closed","template":"","meta":[],"_links":{"self":[{"href":"https:\/\/casadesaojoao.com\/pt-pt\/wp-json\/wp\/v2\/pages\/168"}],"collection":[{"href":"https:\/\/casadesaojoao.com\/pt-pt\/wp-json\/wp\/v2\/pages"}],"about":[{"href":"https:\/\/casadesaojoao.com\/pt-pt\/wp-json\/wp\/v2\/types\/page"}],"author":[{"embeddable":true,"href":"https:\/\/casadesaojoao.com\/pt-pt\/wp-json\/wp\/v2\/users\/1"}],"replies":[{"embeddable":true,"href":"https:\/\/casadesaojoao.com\/pt-pt\/wp-json\/wp\/v2\/comments?post=168"}],"version-history":[{"count":21,"href":"https:\/\/casadesaojoao.com\/pt-pt\/wp-json\/wp\/v2\/pages\/168\/revisions"}],"predecessor-version":[{"id":2567,"href":"https:\/\/casadesaojoao.com\/pt-pt\/wp-json\/wp\/v2\/pages\/168\/revisions\/2567"}],"wp:attachment":[{"href":"https:\/\/casadesaojoao.com\/pt-pt\/wp-json\/wp\/v2\/media?parent=168"}],"curies":[{"name":"wp","href":"https:\/\/api.w.org\/{rel}","templated":true}]}}